{"id":7672,"date":"2021-11-01T16:19:18","date_gmt":"2021-11-01T15:19:18","guid":{"rendered":"https:\/\/www.lepartiteiva.it\/?page_id=7672"},"modified":"2021-11-08T18:19:17","modified_gmt":"2021-11-08T17:19:17","slug":"statuto","status":"publish","type":"page","link":"https:\/\/www.lepartiteiva.it\/index.php\/statuto\/","title":{"rendered":"Statuto"},"content":{"rendered":"\t\t<div data-elementor-type=\"wp-page\" data-elementor-id=\"7672\" class=\"elementor elementor-7672\" data-elementor-settings=\"[]\">\n\t\t\t\t\t\t\t<div class=\"elementor-section-wrap\">\n\t\t\t\t\t\t\t<section class=\"elementor-section elementor-top-section elementor-element elementor-element-2b7e0422 elementor-section-boxed elementor-section-height-default elementor-section-height-default\" data-id=\"2b7e0422\" data-element_type=\"section\">\n\t\t\t\t\t\t<div class=\"elementor-container elementor-column-gap-default\">\n\t\t\t\t\t<div class=\"elementor-column elementor-col-100 elementor-top-column elementor-element elementor-element-37927be2\" data-id=\"37927be2\" data-element_type=\"column\">\n\t\t\t<div class=\"elementor-widget-wrap elementor-element-populated\">\n\t\t\t\t\t\t\t\t<div class=\"elementor-element elementor-element-71491a58 elementor-widget elementor-widget-text-editor\" data-id=\"71491a58\" data-element_type=\"widget\" data-widget_type=\"text-editor.default\">\n\t\t\t\t<div class=\"elementor-widget-container\">\n\t\t\t\t\t\t\t<p><a href=\"https:\/\/www.lepartiteiva.it\/wp-content\/uploads\/2021\/11\/Le-partite-iva-statuto_associazione-definitivo-completo.pdf\">Le partite iva statuto_associazione definitivo completo<\/a><\/p>\n<p>&nbsp;<\/p>\n<p>&nbsp;<\/p>\n\t\t\t\t\t\t<\/div>\n\t\t\t\t<\/div>\n\t\t\t\t\t<\/div>\n\t\t<\/div>\n\t\t\t\t\t\t\t<\/div>\n\t\t<\/section>\n\t\t\t\t<section class=\"elementor-section elementor-top-section elementor-element elementor-element-9d5bb9f elementor-section-boxed elementor-section-height-default elementor-section-height-default\" data-id=\"9d5bb9f\" data-element_type=\"section\">\n\t\t\t\t\t\t<div class=\"elementor-container elementor-column-gap-default\">\n\t\t\t\t\t<div class=\"elementor-column elementor-col-100 elementor-top-column elementor-element elementor-element-e7a538e\" data-id=\"e7a538e\" data-element_type=\"column\">\n\t\t\t<div class=\"elementor-widget-wrap\">\n\t\t\t\t\t\t\t\t\t<\/div>\n\t\t<\/div>\n\t\t\t\t\t\t\t<\/div>\n\t\t<\/section>\n\t\t\t\t<section class=\"elementor-section elementor-top-section elementor-element elementor-element-5c670f5 elementor-section-boxed elementor-section-height-default elementor-section-height-default\" data-id=\"5c670f5\" data-element_type=\"section\">\n\t\t\t\t\t\t<div class=\"elementor-container elementor-column-gap-default\">\n\t\t\t\t\t<div class=\"elementor-column elementor-col-100 elementor-top-column elementor-element elementor-element-9169de7\" data-id=\"9169de7\" data-element_type=\"column\">\n\t\t\t<div class=\"elementor-widget-wrap\">\n\t\t\t\t\t\t\t\t\t<\/div>\n\t\t<\/div>\n\t\t\t\t\t\t\t<\/div>\n\t\t<\/section>\n\t\t\t\t<section class=\"elementor-section elementor-top-section elementor-element elementor-element-9aaae8a elementor-section-boxed elementor-section-height-default elementor-section-height-default\" data-id=\"9aaae8a\" data-element_type=\"section\">\n\t\t\t\t\t\t<div class=\"elementor-container elementor-column-gap-default\">\n\t\t\t\t\t<div class=\"elementor-column elementor-col-100 elementor-top-column elementor-element elementor-element-44db5e9\" data-id=\"44db5e9\" data-element_type=\"column\">\n\t\t\t<div class=\"elementor-widget-wrap elementor-element-populated\">\n\t\t\t\t\t\t\t\t<div class=\"elementor-element elementor-element-7f8f2da elementor-widget elementor-widget-spacer\" data-id=\"7f8f2da\" data-element_type=\"widget\" data-widget_type=\"spacer.default\">\n\t\t\t\t<div class=\"elementor-widget-container\">\n\t\t\t\t\t<div class=\"elementor-spacer\">\n\t\t\t<div class=\"elementor-spacer-inner\"><\/div>\n\t\t<\/div>\n\t\t\t\t<\/div>\n\t\t\t\t<\/div>\n\t\t\t\t\t<\/div>\n\t\t<\/div>\n\t\t\t\t\t\t\t<\/div>\n\t\t<\/section>\n\t\t\t\t<section class=\"elementor-section elementor-top-section elementor-element elementor-element-ea28b52 elementor-section-boxed elementor-section-height-default elementor-section-height-default\" data-id=\"ea28b52\" data-element_type=\"section\">\n\t\t\t\t\t\t<div class=\"elementor-container elementor-column-gap-default\">\n\t\t\t\t\t<div class=\"elementor-column elementor-col-66 elementor-top-column elementor-element elementor-element-32f8fac\" data-id=\"32f8fac\" data-element_type=\"column\">\n\t\t\t<div class=\"elementor-widget-wrap elementor-element-populated\">\n\t\t\t\t\t\t\t\t<div class=\"elementor-element elementor-element-98ffc09 elementor-widget elementor-widget-image\" data-id=\"98ffc09\" data-element_type=\"widget\" data-widget_type=\"image.default\">\n\t\t\t\t<div class=\"elementor-widget-container\">\n\t\t\t\t\t\t\t\t\t\t\t\t\t\t\t<img width=\"1024\" height=\"563\" src=\"https:\/\/www.lepartiteiva.it\/wp-content\/uploads\/2021\/10\/gavel-3575414_1920-1024x563.jpg\" class=\"attachment-large size-large\" alt=\"\" loading=\"lazy\" srcset=\"https:\/\/www.lepartiteiva.it\/wp-content\/uploads\/2021\/10\/gavel-3575414_1920-1024x563.jpg 1024w, https:\/\/www.lepartiteiva.it\/wp-content\/uploads\/2021\/10\/gavel-3575414_1920-300x165.jpg 300w, https:\/\/www.lepartiteiva.it\/wp-content\/uploads\/2021\/10\/gavel-3575414_1920-768x422.jpg 768w, https:\/\/www.lepartiteiva.it\/wp-content\/uploads\/2021\/10\/gavel-3575414_1920-1536x845.jpg 1536w, https:\/\/www.lepartiteiva.it\/wp-content\/uploads\/2021\/10\/gavel-3575414_1920-900x495.jpg 900w, https:\/\/www.lepartiteiva.it\/wp-content\/uploads\/2021\/10\/gavel-3575414_1920-600x330.jpg 600w, https:\/\/www.lepartiteiva.it\/wp-content\/uploads\/2021\/10\/gavel-3575414_1920.jpg 1920w\" sizes=\"(max-width: 1024px) 100vw, 1024px\" \/>\t\t\t\t\t\t\t\t\t\t\t\t\t\t\t<\/div>\n\t\t\t\t<\/div>\n\t\t\t\t\t<\/div>\n\t\t<\/div>\n\t\t\t\t<div class=\"elementor-column elementor-col-33 elementor-top-column elementor-element elementor-element-4d2c312\" data-id=\"4d2c312\" data-element_type=\"column\">\n\t\t\t<div class=\"elementor-widget-wrap elementor-element-populated\">\n\t\t\t\t\t\t\t\t<div class=\"elementor-element elementor-element-79f905a elementor-widget elementor-widget-spacer\" data-id=\"79f905a\" data-element_type=\"widget\" data-widget_type=\"spacer.default\">\n\t\t\t\t<div class=\"elementor-widget-container\">\n\t\t\t\t\t<div class=\"elementor-spacer\">\n\t\t\t<div class=\"elementor-spacer-inner\"><\/div>\n\t\t<\/div>\n\t\t\t\t<\/div>\n\t\t\t\t<\/div>\n\t\t\t\t<div class=\"elementor-element elementor-element-c3b2156 elementor-widget elementor-widget-heading\" data-id=\"c3b2156\" data-element_type=\"widget\" data-widget_type=\"heading.default\">\n\t\t\t\t<div class=\"elementor-widget-container\">\n\t\t\t<h2 class=\"elementor-heading-title elementor-size-default\">Lo statuto dell'associazione<\/h2>\t\t<\/div>\n\t\t\t\t<\/div>\n\t\t\t\t<div class=\"elementor-element elementor-element-c84aee5 elementor-widget elementor-widget-text-editor\" data-id=\"c84aee5\" data-element_type=\"widget\" data-widget_type=\"text-editor.default\">\n\t\t\t\t<div class=\"elementor-widget-container\">\n\t\t\t\t\t\t\t<h6 style=\"text-align: center;\"><strong>Clicca sul bottone per scaricare lo Statuto<\/strong><\/h6>\n\t\t\t\t\t\t<\/div>\n\t\t\t\t<\/div>\n\t\t\t\t<div class=\"elementor-element elementor-element-bca3746 elementor-align-center elementor-widget elementor-widget-button\" data-id=\"bca3746\" data-element_type=\"widget\" data-widget_type=\"button.default\">\n\t\t\t\t<div class=\"elementor-widget-container\">\n\t\t\t\t\t<div class=\"elementor-button-wrapper icon_align_ color_link button_block\">\n\t\t\t<a href=\"https:\/\/www.lepartiteiva.it\/wp-content\/uploads\/2021\/11\/Le-partite-iva-statuto_associazione-definitivo-completo.pdf\" class=\"elementor-button-link elementor-button elementor-size-xl\" role=\"button\">\n\t\t\t\t\t\t<span class=\"elementor-button-content-wrapper\">\n\t\t\t\t\t\t<span class=\"elementor-button-text\">CLICCA QUI<\/span>\n\t\t<\/span>\n\t\t\t\t\t<\/a>\n\t\t<\/div>\n\t\t\t\t<\/div>\n\t\t\t\t<\/div>\n\t\t\t\t\t<\/div>\n\t\t<\/div>\n\t\t\t\t\t\t\t<\/div>\n\t\t<\/section>\n\t\t\t\t\t\t<\/div>\n\t\t\t\t\t<\/div>\n\t\t","protected":false},"excerpt":{"rendered":"<p>Le partite iva statuto_associazione definitivo completo &nbsp; &nbsp; Lo statuto dell&#8217;associazione Clicca sul bottone per scaricare lo Statuto CLICCA QUI<\/p>\n","protected":false},"author":1,"featured_media":0,"parent":0,"menu_order":0,"comment_status":"closed","ping_status":"closed","template":"","meta":{"spay_email":""},"jetpack-related-posts":[{"id":127,"url":"https:\/\/www.lepartiteiva.it\/index.php\/il-gruppo\/","url_meta":{"origin":7672,"position":0},"title":"PROGETTO - OBIETTIVI - PROPOSTE - STRATEGIE","date":"21 Settembre 2021","format":false,"excerpt":"Il movimento \"Le Partite iva\", \u00e8 patriottico e apartitico. Si batte per salvare le partite iva da un sistema illiberale, vessatorio, fondato sull'oppressione fiscale e burocratica, per la libert\u00e0 di impresa e dell'iniziativa privata in genere, per la tutela del lavoro e dei diritti fondamentali dei lavoratori, per lo sviluppo\u2026","rel":"","context":"Articolo simile","img":{"alt_text":"","src":"https:\/\/i0.wp.com\/www.lepartiteiva.it\/wp-content\/uploads\/2021\/10\/meeting-1245776_1920-1024x683.jpg?resize=350%2C200&ssl=1","width":350,"height":200},"classes":[]},{"id":1071,"url":"https:\/\/www.lepartiteiva.it\/","url_meta":{"origin":7672,"position":1},"title":"Home","date":"14 Dicembre 2015","format":false,"excerpt":"Chi siamo progetto - obiettivi - proposte - strategie Il movimento \"Le Partite iva Italia\", \u00e8 una Comunit\u00e0 patriottica e apartitica. Lotta per fermare il degrado economico-istituzionale che sta portando il Paese a un deterioramento senza precedenti, allo sterminio della piccola imprenditoria e alla compressione dei diritti fondamentali delle persone.\u00a0Come\u2026","rel":"","context":"Articolo simile","img":{"alt_text":"","src":"https:\/\/i0.wp.com\/www.lepartiteiva.it\/wp-content\/uploads\/2021\/10\/meeting-1245776_1920-1024x683.jpg?resize=350%2C200&ssl=1","width":350,"height":200},"classes":[]},{"id":7569,"url":"https:\/\/www.lepartiteiva.it\/index.php\/shop-nuovo\/","url_meta":{"origin":7672,"position":2},"title":"Shop nuovo","date":"1 Novembre 2021","format":false,"excerpt":"[vc_row][vc_column][stm_spacing lg_spacing=\"100\" md_spacing=\"100\" sm_spacing=\"50\" xs_spacing=\"50\"][vc_custom_heading icon_size=\"card\" text=\"Prenota ora la tua tessera associativa\" font_container=\"tag:h2|text_align:left|color:%230042a5\" google_fonts=\"font_family:Noto%20Sans%3Aregular%2Citalic%2C700%2C700italic|font_style:400%20regular%3A400%3Anormal\"][vc_column_text]Insieme si puo! Insieme possiamo Crescere! Insieme possiamo far sentire la nostra[\/vc_column_text][stm_spacing lg_spacing=\"100\" md_spacing=\"100\" sm_spacing=\"50\" xs_spacing=\"50\"][vc_custom_heading text=\"compila il form allegato ed invialo per email\" font_container=\"tag:h3|text_align:left\"][vc_column_text]Il movimento \u201cLe Partite iva Italia\u201d, \u00e8 patriottico e apartitico. Si batte per\u2026","rel":"","context":"Articolo simile","img":{"alt_text":"","src":"","width":0,"height":0},"classes":[]},{"id":22,"url":"https:\/\/www.lepartiteiva.it\/index.php\/negozio\/","url_meta":{"origin":7672,"position":3},"title":"Shop","date":"27 Agosto 2021","format":false,"excerpt":"Prenota ora la Tua Tessera associativa \u00a0\u00a0Il movimento \"Le Partite iva Italia\", \u00e8 patriottico e apartitico. Si batte per salvare le partite iva!Come cittadini, prima ancora che in veste di imprenditori, abbiamo il dovere di arginare il degrado economico del Paese che sta annientando le piccole attivit\u00e0. E' necessario per\u2026","rel":"","context":"Articolo simile","img":{"alt_text":"","src":"https:\/\/i2.wp.com\/www.lepartiteiva.it\/wp-content\/uploads\/2021\/08\/174647365_107053804849155_433450202275197749_n-1024x389.jpg?resize=350%2C200&ssl=1","width":350,"height":200},"classes":[]},{"id":85,"url":"https:\/\/www.lepartiteiva.it\/index.php\/centro-studi\/","url_meta":{"origin":7672,"position":4},"title":"CENTRO STUDI LE PARTITE IVA","date":"30 Agosto 2021","format":false,"excerpt":"Coordinatore:\u00a0 \u00a0Angelo Gardella (Gardella & Partners) \u00a0 E' una struttura composta da professionisti con specializzazioni multidisciplinari a supporto degli Associati. Si occupa di tutte quelle attivit\u00e0 che richiedono specifiche competenze professionali PROGETTA E COORDINA: I SERVIZI AGLI ASSOCIATI IL SERVIZIO DI PRIMO CONTATTO \"SPORTELLO SOS CONSULENZA\" la tutela legale, tributaria\u2026","rel":"","context":"Articolo simile","img":{"alt_text":"","src":"","width":0,"height":0},"classes":[]},{"id":220,"url":"https:\/\/www.lepartiteiva.it\/index.php\/economia-circolare\/","url_meta":{"origin":7672,"position":5},"title":"ECONOMIA CIRCOLARE","date":"24 Settembre 2021","format":false,"excerpt":"Comunit\u00e0 circolare: cos'\u00e8 e come intendiamo realizzarla Da anni il numero delle medie, piccole e micro attivit\u00e0, lavoratori autonomi compresi, continuano a ridursi e le relative aree produttive e commerciali vengono sistematicamente occupate da grandi corporate multinazionali che immettono sul mercato alimenti, manufatti, beni vari provenienti da ogni parte del\u2026","rel":"","context":"Articolo simile","img":{"alt_text":"","src":"https:\/\/i0.wp.com\/www.lepartiteiva.it\/wp-content\/uploads\/2021\/11\/shop-4527402_1920-1110x550.jpg?resize=350%2C200&ssl=1","width":350,"height":200},"classes":[]}],"_links":{"self":[{"href":"https:\/\/www.lepartiteiva.it\/index.php\/wp-json\/wp\/v2\/pages\/7672"}],"collection":[{"href":"https:\/\/www.lepartiteiva.it\/index.php\/wp-json\/wp\/v2\/pages"}],"about":[{"href":"https:\/\/www.lepartiteiva.it\/index.php\/wp-json\/wp\/v2\/types\/page"}],"author":[{"embeddable":true,"href":"https:\/\/www.lepartiteiva.it\/index.php\/wp-json\/wp\/v2\/users\/1"}],"replies":[{"embeddable":true,"href":"https:\/\/www.lepartiteiva.it\/index.php\/wp-json\/wp\/v2\/comments?post=7672"}],"version-history":[{"count":16,"href":"https:\/\/www.lepartiteiva.it\/index.php\/wp-json\/wp\/v2\/pages\/7672\/revisions"}],"predecessor-version":[{"id":7888,"href":"https:\/\/www.lepartiteiva.it\/index.php\/wp-json\/wp\/v2\/pages\/7672\/revisions\/7888"}],"wp:attachment":[{"href":"https:\/\/www.lepartiteiva.it\/index.php\/wp-json\/wp\/v2\/media?parent=7672"}],"curies":[{"name":"wp","href":"https:\/\/api.w.org\/{rel}","templated":true}]}}